{"id":4756,"date":"2019-08-06T23:38:15","date_gmt":"2019-08-06T23:38:15","guid":{"rendered":"https:\/\/www.josephs-interieur.de\/?page_id=4756"},"modified":"2019-08-07T20:04:36","modified_gmt":"2019-08-07T20:04:36","slug":"widerrufsbelehrung","status":"publish","type":"page","link":"https:\/\/www.josephs-interieur.de\/?page_id=4756","title":{"rendered":"Widerrufsbelehrung"},"content":{"rendered":"\t\t<div data-elementor-type=\"wp-post\" data-elementor-id=\"4756\" class=\"elementor elementor-4756\">\n\t\t\t\t\t\t<section class=\"elementor-section elementor-top-section elementor-element elementor-element-02b161c elementor-section-boxed elementor-section-height-default elementor-section-height-default\" data-id=\"02b161c\" data-element_type=\"section\" data-e-type=\"section\">\n\t\t\t\t\t\t<div class=\"elementor-container elementor-column-gap-default\">\n\t\t\t\t\t<div class=\"elementor-column elementor-col-100 elementor-top-column elementor-element elementor-element-24180fc\" data-id=\"24180fc\" data-element_type=\"column\" data-e-type=\"column\">\n\t\t\t<div class=\"elementor-widget-wrap elementor-element-populated\">\n\t\t\t\t\t\t<div class=\"elementor-element elementor-element-0068d04 elementor-widget elementor-widget-heading\" data-id=\"0068d04\" data-element_type=\"widget\" data-e-type=\"widget\" data-widget_type=\"heading.default\">\n\t\t\t\t<div class=\"elementor-widget-container\">\n\t\t\t\t\t<h2 class=\"elementor-heading-title elementor-size-default\">Widerrufsrecht<\/h2>\t\t\t\t<\/div>\n\t\t\t\t<\/div>\n\t\t\t\t\t<\/div>\n\t\t<\/div>\n\t\t\t\t\t<\/div>\n\t\t<\/section>\n\t\t\t\t<section class=\"elementor-section elementor-top-section elementor-element elementor-element-abe8c57 elementor-section-boxed elementor-section-height-default elementor-section-height-default\" data-id=\"abe8c57\" data-element_type=\"section\" data-e-type=\"section\">\n\t\t\t\t\t\t<div class=\"elementor-container elementor-column-gap-default\">\n\t\t\t\t\t<div class=\"elementor-column elementor-col-100 elementor-top-column elementor-element elementor-element-ea09ef6\" data-id=\"ea09ef6\" data-element_type=\"column\" data-e-type=\"column\">\n\t\t\t<div class=\"elementor-widget-wrap elementor-element-populated\">\n\t\t\t\t\t\t<div class=\"elementor-element elementor-element-0e94549 elementor-widget elementor-widget-text-editor\" data-id=\"0e94549\" data-element_type=\"widget\" data-e-type=\"widget\" data-widget_type=\"text-editor.default\">\n\t\t\t\t<div class=\"elementor-widget-container\">\n\t\t\t\t\t\t\t\t\t<p>Sie haben das Recht, binnen vierzehn Tagen ohne Angabe von Gr\u00fcnden diesen Vertrag zu widerrufen. Die Widerrufsfrist betr\u00e4gt vierzehn Tage ab dem Tag an dem Sie oder ein von Ihnen benannter Dritter, der nicht Bef\u00f6rderer ist, die Waren in Besitz genommen haben bzw. hat. Um Ihr Widerrufsrecht auszu\u00fcben, m\u00fcssen Sie uns:<\/p><p>Matthias Volmar, handelnd unter Joseph\u2019s Interieur, Anschrift: Fette Wiese 16, D \u2013 45891\u00a0Gelsenkirchen, Telefonnummer: +49-(0)209-378851, Telefaxnummer:\u00a0+49-(0)209-94594085, E-Mail: info@josephs-interieur.de,\u00a0mittels einer eindeutigen Erkl\u00e4rung (z.B. ein mit der Post versandter Brief, Telefax oder E-Mail) \u00fcber Ihren Entschluss, diesen Vertrag zu widerrufen, informieren. Sie k\u00f6nnen daf\u00fcr das beigef\u00fcgte, nachfolgende Muster-Widerrufsformular verwenden, das jedoch nicht vorgeschrieben ist. Zur Wahrung der Widerrufsfrist reicht es aus, dass Sie die Mitteilung \u00fcber die Aus\u00fcbung des Widerrufsrechts vor Ablauf der Widerrufsfrist absenden.<\/p><p><strong>Folgen des Widerrufs<\/strong><\/p><p>Wenn Sie diesen Vertrag widerrufen, haben wir Ihnen alle Zahlungen, die wir von Ihnen erhalten haben, einschlie\u00dflich der Lieferkosten (mit Ausnahme der zus\u00e4tzlichen Kosten, die sich daraus ergeben, dass Sie eine andere Art der Lieferung als die von uns angebotene, g\u00fcnstigste Standardlieferung gew\u00e4hlt haben), unverz\u00fcglich und sp\u00e4testens binnen vierzehn Tagen ab dem Tag zur\u00fcckzuzahlen, an dem die Mitteilung \u00fcber Ihren Widerruf dieses Vertrags bei uns eingegangen ist. F\u00fcr diese R\u00fcckzahlung verwenden wir dasselbe Zahlungsmittel, das Sie bei der urspr\u00fcnglichen Transaktion eingesetzt haben, es sei denn, mit Ihnen wurde ausdr\u00fccklich etwas anderes vereinbart; in keinem Fall werden Ihnen wegen dieser R\u00fcckzahlung Entgelte berechnet.<\/p><p>Wir k\u00f6nnen die R\u00fcckzahlung verweigern, bis wir die Waren wieder zur\u00fcckerhalten haben oder bis Sie den Nachweis erbracht haben, dass Sie die Waren zur\u00fcckgesandt haben, je nachdem, welches der fr\u00fchere Zeitpunkt ist. Sie haben die Waren unverz\u00fcglich und in jedem Fall sp\u00e4testens binnen vierzehn Tagen ab dem Tag, an dem Sie uns \u00fcber den Widerruf dieses Vertrags unterrichten, an uns zur\u00fcckzusenden oder zu \u00fcbergeben. Die Frist ist gewahrt, wenn Sie die Waren vor Ablauf der Frist von vierzehn Tagen absenden. Sie tragen die unmittelbaren Kosten der R\u00fccksendung der Waren. Sie m\u00fcssen f\u00fcr einen etwaigen Wertverlust der Waren nur aufkommen, wenn dieser Wertverlust auf einen zur Pr\u00fcfung der Beschaffenheit, Eigenschaften und Funktionsweise der Waren nicht notwendigen Umgang mit ihnen zur\u00fcckzuf\u00fchren ist.<\/p><p><strong>Ende der Widerrufsbelehrung<\/strong><\/p>\t\t\t\t\t\t\t\t<\/div>\n\t\t\t\t<\/div>\n\t\t\t\t\t<\/div>\n\t\t<\/div>\n\t\t\t\t\t<\/div>\n\t\t<\/section>\n\t\t\t\t<section class=\"elementor-section elementor-top-section elementor-element elementor-element-5c07ac2 elementor-section-boxed elementor-section-height-default elementor-section-height-default\" data-id=\"5c07ac2\" data-element_type=\"section\" data-e-type=\"section\">\n\t\t\t\t\t\t<div class=\"elementor-container elementor-column-gap-default\">\n\t\t\t\t\t<div class=\"elementor-column elementor-col-100 elementor-top-column elementor-element elementor-element-fc10131\" data-id=\"fc10131\" data-element_type=\"column\" data-e-type=\"column\">\n\t\t\t<div class=\"elementor-widget-wrap elementor-element-populated\">\n\t\t\t\t\t\t<div class=\"elementor-element elementor-element-70a15fa elementor-widget-divider--view-line elementor-widget elementor-widget-divider\" data-id=\"70a15fa\" data-element_type=\"widget\" data-e-type=\"widget\" data-widget_type=\"divider.default\">\n\t\t\t\t<div class=\"elementor-widget-container\">\n\t\t\t\t\t\t\t<div class=\"elementor-divider\">\n\t\t\t<span class=\"elementor-divider-separator\">\n\t\t\t\t\t\t<\/span>\n\t\t<\/div>\n\t\t\t\t\t\t<\/div>\n\t\t\t\t<\/div>\n\t\t\t\t\t<\/div>\n\t\t<\/div>\n\t\t\t\t\t<\/div>\n\t\t<\/section>\n\t\t\t\t<section class=\"elementor-section elementor-top-section elementor-element elementor-element-62a1fcc elementor-section-boxed elementor-section-height-default elementor-section-height-default\" data-id=\"62a1fcc\" data-element_type=\"section\" data-e-type=\"section\">\n\t\t\t\t\t\t<div class=\"elementor-container elementor-column-gap-default\">\n\t\t\t\t\t<div class=\"elementor-column elementor-col-100 elementor-top-column elementor-element elementor-element-9f98c7f\" data-id=\"9f98c7f\" data-element_type=\"column\" data-e-type=\"column\">\n\t\t\t<div class=\"elementor-widget-wrap elementor-element-populated\">\n\t\t\t\t\t\t<div class=\"elementor-element elementor-element-b2ff5a9 elementor-widget elementor-widget-heading\" data-id=\"b2ff5a9\" data-element_type=\"widget\" data-e-type=\"widget\" data-widget_type=\"heading.default\">\n\t\t\t\t<div class=\"elementor-widget-container\">\n\t\t\t\t\t<h2 class=\"elementor-heading-title elementor-size-default\">Widerrufsformular<\/h2>\t\t\t\t<\/div>\n\t\t\t\t<\/div>\n\t\t\t\t\t<\/div>\n\t\t<\/div>\n\t\t\t\t\t<\/div>\n\t\t<\/section>\n\t\t\t\t<section class=\"elementor-section elementor-top-section elementor-element elementor-element-99199bc elementor-section-boxed elementor-section-height-default elementor-section-height-default\" data-id=\"99199bc\" data-element_type=\"section\" data-e-type=\"section\">\n\t\t\t\t\t\t<div class=\"elementor-container elementor-column-gap-default\">\n\t\t\t\t\t<div class=\"elementor-column elementor-col-100 elementor-top-column elementor-element elementor-element-1b21551\" data-id=\"1b21551\" data-element_type=\"column\" data-e-type=\"column\">\n\t\t\t<div class=\"elementor-widget-wrap elementor-element-populated\">\n\t\t\t\t\t\t<div class=\"elementor-element elementor-element-a637e84 elementor-widget elementor-widget-text-editor\" data-id=\"a637e84\" data-element_type=\"widget\" data-e-type=\"widget\" data-widget_type=\"text-editor.default\">\n\t\t\t\t<div class=\"elementor-widget-container\">\n\t\t\t\t\t\t\t\t\t<p>Wenn Sie den Vertrag widerrufen wollen, dann f\u00fcllen Sie bitte dieses Formular aus und senden Sie es zur\u00fcck an:<\/p>\n<p>Matthias Volmar, c\/o Joseph\u2019s Interieur<\/p>\n<p>Anschrift: Fette Wiese 16, 45891&nbsp;Gelsenkirchen, Deutschland,<\/p>\n<p>Telefonnummer: 49 (0)209-378851, Telefaxnummer:&nbsp;+49-(0)209-94594085,<\/p>\n<p>E-Mail: info@josephs-interieur.de<\/p>\n<p>Hiermit widerrufe(n) ich\/wir den von mir\/uns abgeschlossenen Vertrag \u00fcber den Kauf der folgenden Waren \/die Erbringung der folgenden Dienstleistung<\/p>\n<p><strong>Bestellt am:&nbsp; &nbsp; &nbsp; &nbsp; &nbsp; &nbsp; &nbsp; &nbsp; &nbsp; &nbsp; &nbsp; &nbsp; &nbsp; &nbsp; &nbsp; &nbsp; &nbsp; &nbsp; &nbsp; &nbsp; &nbsp; &nbsp; &nbsp; &nbsp; &nbsp; &nbsp; &nbsp; &nbsp; &nbsp; &nbsp; &nbsp; &nbsp; &nbsp; &nbsp; &nbsp; &nbsp; &nbsp; &nbsp; &nbsp; erhalten am:<\/strong><\/p>\n<p><strong>&nbsp;<\/strong><\/p>\n<p><strong>Name des\/<\/strong><strong>der Verbraucher(s):<\/strong><\/p>\n<p><strong>&nbsp;<\/strong><\/p>\n<p><strong>Anschrift des\/der Verbraucher(s):<\/strong><\/p><p><strong><br><\/strong><\/p>\n<p><\/p>\n<p><strong>Unterschrift des\/der Verbraucher(s) (nur bei Mitteilung auf Papier<\/strong><strong>):<\/strong><\/p>\n<p><strong>&nbsp;<\/strong><\/p>\n<p><strong>Datum:<\/strong><\/p>\n<p><strong>&nbsp;<\/strong><\/p>\n<p>Vom R\u00fcckgaberecht ausgeschlossen sind Waren, die nach Kundenspezifikation angefertigt werden oder eindeutig auf die pers\u00f6nlichen Bed\u00fcrfnisse zugeschnitten sind.<\/p>\t\t\t\t\t\t\t\t<\/div>\n\t\t\t\t<\/div>\n\t\t\t\t\t<\/div>\n\t\t<\/div>\n\t\t\t\t\t<\/div>\n\t\t<\/section>\n\t\t\t\t<section class=\"elementor-section elementor-top-section elementor-element elementor-element-8533871 elementor-section-boxed elementor-section-height-default elementor-section-height-default\" data-id=\"8533871\" data-element_type=\"section\" data-e-type=\"section\">\n\t\t\t\t\t\t<div class=\"elementor-container elementor-column-gap-default\">\n\t\t\t\t\t<div class=\"elementor-column elementor-col-100 elementor-top-column elementor-element elementor-element-ca4a33e\" data-id=\"ca4a33e\" data-element_type=\"column\" data-e-type=\"column\">\n\t\t\t<div class=\"elementor-widget-wrap elementor-element-populated\">\n\t\t\t\t\t\t<div class=\"elementor-element elementor-element-6772385 elementor-widget elementor-widget-text-editor\" data-id=\"6772385\" data-element_type=\"widget\" data-e-type=\"widget\" data-widget_type=\"text-editor.default\">\n\t\t\t\t<div class=\"elementor-widget-container\">\n\t\t\t\t\t\t\t\t\t<p>Unzutreffendes bitte streichen<\/p>\t\t\t\t\t\t\t\t<\/div>\n\t\t\t\t<\/div>\n\t\t\t\t\t<\/div>\n\t\t<\/div>\n\t\t\t\t\t<\/div>\n\t\t<\/section>\n\t\t\t\t<\/div>\n\t\t","protected":false},"excerpt":{"rendered":"<p>Widerrufsrecht Sie haben das Recht, binnen vierzehn Tagen ohne Angabe von Gr\u00fcnden diesen Vertrag zu widerrufen. Die Widerrufsfrist betr\u00e4gt vierzehn Tage ab dem Tag an dem Sie oder ein von Ihnen benannter Dritter, der nicht Bef\u00f6rderer ist, die Waren in Besitz genommen haben bzw. hat. Um Ihr Widerrufsrecht auszu\u00fcben, m\u00fcssen Sie uns: Matthias Volmar, handelnd [&hellip;]<\/p>\n","protected":false},"author":1,"featured_media":0,"parent":0,"menu_order":0,"comment_status":"closed","ping_status":"closed","template":"template-full-width.php","meta":{"footnotes":""},"class_list":["post-4756","page","type-page","status-publish","hentry"],"yoast_head":"<!-- This site is optimized with the Yoast SEO plugin v27.4 - https:\/\/yoast.com\/product\/yoast-seo-wordpress\/ -->\n<title>Widerrufsbelehrung - Joseph&#039;s Interieur<\/title>\n<meta name=\"robots\" content=\"index, follow, max-snippet:-1, max-image-preview:large, max-video-preview:-1\" \/>\n<link rel=\"canonical\" href=\"https:\/\/www.josephs-interieur.de\/?page_id=4756\" \/>\n<meta property=\"og:locale\" content=\"de_DE\" \/>\n<meta property=\"og:type\" content=\"article\" \/>\n<meta property=\"og:title\" content=\"Widerrufsbelehrung - Joseph&#039;s Interieur\" \/>\n<meta property=\"og:description\" content=\"Widerrufsrecht Sie haben das Recht, binnen vierzehn Tagen ohne Angabe von Gr\u00fcnden diesen Vertrag zu widerrufen. Die Widerrufsfrist betr\u00e4gt vierzehn Tage ab dem Tag an dem Sie oder ein von Ihnen benannter Dritter, der nicht Bef\u00f6rderer ist, die Waren in Besitz genommen haben bzw. hat. Um Ihr Widerrufsrecht auszu\u00fcben, m\u00fcssen Sie uns: Matthias Volmar, handelnd [&hellip;]\" \/>\n<meta property=\"og:url\" content=\"https:\/\/www.josephs-interieur.de\/?page_id=4756\" \/>\n<meta property=\"og:site_name\" content=\"Joseph&#039;s Interieur\" \/>\n<meta property=\"article:modified_time\" content=\"2019-08-07T20:04:36+00:00\" \/>\n<meta name=\"twitter:card\" content=\"summary_large_image\" \/>\n<meta name=\"twitter:label1\" content=\"Gesch\u00e4tzte Lesezeit\" \/>\n\t<meta name=\"twitter:data1\" content=\"3\u00a0Minuten\" \/>\n<script type=\"application\/ld+json\" class=\"yoast-schema-graph\">{\"@context\":\"https:\\\/\\\/schema.org\",\"@graph\":[{\"@type\":\"WebPage\",\"@id\":\"https:\\\/\\\/www.josephs-interieur.de\\\/?page_id=4756\",\"url\":\"https:\\\/\\\/www.josephs-interieur.de\\\/?page_id=4756\",\"name\":\"Widerrufsbelehrung - Joseph&#039;s Interieur\",\"isPartOf\":{\"@id\":\"https:\\\/\\\/www.josephs-interieur.de\\\/#website\"},\"datePublished\":\"2019-08-06T23:38:15+00:00\",\"dateModified\":\"2019-08-07T20:04:36+00:00\",\"breadcrumb\":{\"@id\":\"https:\\\/\\\/www.josephs-interieur.de\\\/?page_id=4756#breadcrumb\"},\"inLanguage\":\"de\",\"potentialAction\":[{\"@type\":\"ReadAction\",\"target\":[\"https:\\\/\\\/www.josephs-interieur.de\\\/?page_id=4756\"]}]},{\"@type\":\"BreadcrumbList\",\"@id\":\"https:\\\/\\\/www.josephs-interieur.de\\\/?page_id=4756#breadcrumb\",\"itemListElement\":[{\"@type\":\"ListItem\",\"position\":1,\"name\":\"Startseite\",\"item\":\"https:\\\/\\\/www.josephs-interieur.de\\\/\"},{\"@type\":\"ListItem\",\"position\":2,\"name\":\"Widerrufsbelehrung\"}]},{\"@type\":\"WebSite\",\"@id\":\"https:\\\/\\\/www.josephs-interieur.de\\\/#website\",\"url\":\"https:\\\/\\\/www.josephs-interieur.de\\\/\",\"name\":\"Josephs-Interieur\",\"description\":\"Home &amp; Living\",\"publisher\":{\"@id\":\"https:\\\/\\\/www.josephs-interieur.de\\\/#organization\"},\"potentialAction\":[{\"@type\":\"SearchAction\",\"target\":{\"@type\":\"EntryPoint\",\"urlTemplate\":\"https:\\\/\\\/www.josephs-interieur.de\\\/?s={search_term_string}\"},\"query-input\":{\"@type\":\"PropertyValueSpecification\",\"valueRequired\":true,\"valueName\":\"search_term_string\"}}],\"inLanguage\":\"de\"},{\"@type\":\"Organization\",\"@id\":\"https:\\\/\\\/www.josephs-interieur.de\\\/#organization\",\"name\":\"Joseph's Interieur\",\"url\":\"https:\\\/\\\/www.josephs-interieur.de\\\/\",\"logo\":{\"@type\":\"ImageObject\",\"inLanguage\":\"de\",\"@id\":\"https:\\\/\\\/www.josephs-interieur.de\\\/#\\\/schema\\\/logo\\\/image\\\/\",\"url\":\"https:\\\/\\\/www.josephs-interieur.de\\\/wp-content\\\/uploads\\\/2019\\\/07\\\/logo-josephs-final1.jpg\",\"contentUrl\":\"https:\\\/\\\/www.josephs-interieur.de\\\/wp-content\\\/uploads\\\/2019\\\/07\\\/logo-josephs-final1.jpg\",\"width\":1661,\"height\":989,\"caption\":\"Joseph's Interieur\"},\"image\":{\"@id\":\"https:\\\/\\\/www.josephs-interieur.de\\\/#\\\/schema\\\/logo\\\/image\\\/\"}}]}<\/script>\n<!-- \/ Yoast SEO plugin. -->","yoast_head_json":{"title":"Widerrufsbelehrung - Joseph&#039;s Interieur","robots":{"index":"index","follow":"follow","max-snippet":"max-snippet:-1","max-image-preview":"max-image-preview:large","max-video-preview":"max-video-preview:-1"},"canonical":"https:\/\/www.josephs-interieur.de\/?page_id=4756","og_locale":"de_DE","og_type":"article","og_title":"Widerrufsbelehrung - Joseph&#039;s Interieur","og_description":"Widerrufsrecht Sie haben das Recht, binnen vierzehn Tagen ohne Angabe von Gr\u00fcnden diesen Vertrag zu widerrufen. Die Widerrufsfrist betr\u00e4gt vierzehn Tage ab dem Tag an dem Sie oder ein von Ihnen benannter Dritter, der nicht Bef\u00f6rderer ist, die Waren in Besitz genommen haben bzw. hat. Um Ihr Widerrufsrecht auszu\u00fcben, m\u00fcssen Sie uns: Matthias Volmar, handelnd [&hellip;]","og_url":"https:\/\/www.josephs-interieur.de\/?page_id=4756","og_site_name":"Joseph&#039;s Interieur","article_modified_time":"2019-08-07T20:04:36+00:00","twitter_card":"summary_large_image","twitter_misc":{"Gesch\u00e4tzte Lesezeit":"3\u00a0Minuten"},"schema":{"@context":"https:\/\/schema.org","@graph":[{"@type":"WebPage","@id":"https:\/\/www.josephs-interieur.de\/?page_id=4756","url":"https:\/\/www.josephs-interieur.de\/?page_id=4756","name":"Widerrufsbelehrung - Joseph&#039;s Interieur","isPartOf":{"@id":"https:\/\/www.josephs-interieur.de\/#website"},"datePublished":"2019-08-06T23:38:15+00:00","dateModified":"2019-08-07T20:04:36+00:00","breadcrumb":{"@id":"https:\/\/www.josephs-interieur.de\/?page_id=4756#breadcrumb"},"inLanguage":"de","potentialAction":[{"@type":"ReadAction","target":["https:\/\/www.josephs-interieur.de\/?page_id=4756"]}]},{"@type":"BreadcrumbList","@id":"https:\/\/www.josephs-interieur.de\/?page_id=4756#breadcrumb","itemListElement":[{"@type":"ListItem","position":1,"name":"Startseite","item":"https:\/\/www.josephs-interieur.de\/"},{"@type":"ListItem","position":2,"name":"Widerrufsbelehrung"}]},{"@type":"WebSite","@id":"https:\/\/www.josephs-interieur.de\/#website","url":"https:\/\/www.josephs-interieur.de\/","name":"Josephs-Interieur","description":"Home &amp; Living","publisher":{"@id":"https:\/\/www.josephs-interieur.de\/#organization"},"potentialAction":[{"@type":"SearchAction","target":{"@type":"EntryPoint","urlTemplate":"https:\/\/www.josephs-interieur.de\/?s={search_term_string}"},"query-input":{"@type":"PropertyValueSpecification","valueRequired":true,"valueName":"search_term_string"}}],"inLanguage":"de"},{"@type":"Organization","@id":"https:\/\/www.josephs-interieur.de\/#organization","name":"Joseph's Interieur","url":"https:\/\/www.josephs-interieur.de\/","logo":{"@type":"ImageObject","inLanguage":"de","@id":"https:\/\/www.josephs-interieur.de\/#\/schema\/logo\/image\/","url":"https:\/\/www.josephs-interieur.de\/wp-content\/uploads\/2019\/07\/logo-josephs-final1.jpg","contentUrl":"https:\/\/www.josephs-interieur.de\/wp-content\/uploads\/2019\/07\/logo-josephs-final1.jpg","width":1661,"height":989,"caption":"Joseph's Interieur"},"image":{"@id":"https:\/\/www.josephs-interieur.de\/#\/schema\/logo\/image\/"}}]}},"_links":{"self":[{"href":"https:\/\/www.josephs-interieur.de\/index.php?rest_route=\/wp\/v2\/pages\/4756","targetHints":{"allow":["GET"]}}],"collection":[{"href":"https:\/\/www.josephs-interieur.de\/index.php?rest_route=\/wp\/v2\/pages"}],"about":[{"href":"https:\/\/www.josephs-interieur.de\/index.php?rest_route=\/wp\/v2\/types\/page"}],"author":[{"embeddable":true,"href":"https:\/\/www.josephs-interieur.de\/index.php?rest_route=\/wp\/v2\/users\/1"}],"replies":[{"embeddable":true,"href":"https:\/\/www.josephs-interieur.de\/index.php?rest_route=%2Fwp%2Fv2%2Fcomments&post=4756"}],"version-history":[{"count":9,"href":"https:\/\/www.josephs-interieur.de\/index.php?rest_route=\/wp\/v2\/pages\/4756\/revisions"}],"predecessor-version":[{"id":5063,"href":"https:\/\/www.josephs-interieur.de\/index.php?rest_route=\/wp\/v2\/pages\/4756\/revisions\/5063"}],"wp:attachment":[{"href":"https:\/\/www.josephs-interieur.de\/index.php?rest_route=%2Fwp%2Fv2%2Fmedia&parent=4756"}],"curies":[{"name":"wp","href":"https:\/\/api.w.org\/{rel}","templated":true}]}}